{"id":49,"date":"2018-05-19T01:07:26","date_gmt":"2018-05-19T01:07:26","guid":{"rendered":"http:\/\/rowingarroyoseco.com.ar\/asrc\/?page_id=49"},"modified":"2018-06-27T06:25:56","modified_gmt":"2018-06-27T06:25:56","slug":"pesca","status":"publish","type":"page","link":"http:\/\/rowingarroyoseco.com.ar\/asrc\/pesca\/","title":{"rendered":"Pesca"},"content":{"rendered":"<p>[vc_row][vc_column][vc_column_text css_animation=\u00bbfadeIn\u00bb css=\u00bb.vc_custom_1530080720323{padding-top: 10px !important;padding-right: 10px !important;padding-bottom: 10px !important;padding-left: 10px !important;background-color: rgba(129,215,66,0.52) !important;background-position: center !important;background-repeat: no-repeat !important;background-size: contain !important;*background-color: rgb(129,215,66) !important;}\u00bb]\u201cLa pesca es un descanso para la mente, una alegr\u00eda para el esp\u00edritu, una distracci\u00f3n para la tristeza, un calmante para los pensamientos inquietos, un moderador de pasiones, una fuente de satisfacciones que engendra h\u00e1bitos de paz y de paciencia en todo aquel que la profesa y la practica\u201d.\u00a0<strong>Henry Wotton.<\/strong>[\/vc_column_text][vc_hoverbox image=\u00bb342&#8243; primary_title=\u00bb\u00bb hover_title=\u00bbPesca en el Rowing Arroyo Seco\u00bb]<\/p>\n<p>&nbsp;<\/p>\n<p>&nbsp;<\/p>\n<p>&nbsp;<\/p>\n<p>&nbsp;<\/p>\n<p>&nbsp;<\/p>\n<p>&nbsp;<\/p>\n<p>&nbsp;<\/p>\n<p>[\/vc_hoverbox][vc_separator][vc_media_grid style=\u00bbpagination\u00bb items_per_page=\u00bb4&#8243; element_width=\u00bb3&#8243; gap=\u00bb10&#8243; arrows_design=\u00bbvc_arrow-icon-arrow_12_left\u00bb arrows_position=\u00bboutside\u00bb paging_design=\u00bbfill_square_dots\u00bb paging_color=\u00bbgreen\u00bb item=\u00bbmediaGrid_FadeInWithIcon\u00bb grid_id=\u00bbvc_gid:1530080534532-584bcfe0-0694-9&#8243; include=\u00bb335,336,337,338,339,340,341,342,343&#8243; css=\u00bb.vc_custom_1530080169966{padding-top: 10px !important;padding-right: 10px !important;padding-bottom: 10px !important;padding-left: 10px !important;background-color: rgba(129,215,66,0.51) !important;*background-color: rgb(129,215,66) !important;}\u00bb][\/vc_column][\/vc_row]<\/p>\n","protected":false},"excerpt":{"rendered":"<p>[vc_row][vc_column][vc_column_text css_animation=\u00bbfadeIn\u00bb css=\u00bb.vc_custom_1530080720323{padding-top: 10px !important;padding-right: 10px !important;padding-bottom: 10px !important;padding-left: 10px !important;background-color: rgba(129,215,66,0.52) !important;background-position: center !important;background-repeat: no-repeat !important;background-size: contain !important;*background-color: rgb(129,215,66) !important;}\u00bb]\u201cLa pesca es un descanso para la mente, una alegr\u00eda para el esp\u00edritu, una distracci\u00f3n para la tristeza, un calmante para los pensamientos inquietos, un moderador de pasiones, una fuente de satisfacciones que engendra h\u00e1bitos&hellip;<\/p>\n","protected":false},"author":3,"featured_media":0,"parent":0,"menu_order":0,"comment_status":"closed","ping_status":"closed","template":"","meta":[],"class_list":["post-49","page","type-page","status-publish","hentry","description-off"],"_links":{"self":[{"href":"http:\/\/rowingarroyoseco.com.ar\/asrc\/wp-json\/wp\/v2\/pages\/49","targetHints":{"allow":["GET"]}}],"collection":[{"href":"http:\/\/rowingarroyoseco.com.ar\/asrc\/wp-json\/wp\/v2\/pages"}],"about":[{"href":"http:\/\/rowingarroyoseco.com.ar\/asrc\/wp-json\/wp\/v2\/types\/page"}],"author":[{"embeddable":true,"href":"http:\/\/rowingarroyoseco.com.ar\/asrc\/wp-json\/wp\/v2\/users\/3"}],"replies":[{"embeddable":true,"href":"http:\/\/rowingarroyoseco.com.ar\/asrc\/wp-json\/wp\/v2\/comments?post=49"}],"version-history":[{"count":18,"href":"http:\/\/rowingarroyoseco.com.ar\/asrc\/wp-json\/wp\/v2\/pages\/49\/revisions"}],"predecessor-version":[{"id":480,"href":"http:\/\/rowingarroyoseco.com.ar\/asrc\/wp-json\/wp\/v2\/pages\/49\/revisions\/480"}],"wp:attachment":[{"href":"http:\/\/rowingarroyoseco.com.ar\/asrc\/wp-json\/wp\/v2\/media?parent=49"}],"curies":[{"name":"wp","href":"https:\/\/api.w.org\/{rel}","templated":true}]}}