{"id":51,"date":"2018-05-19T01:08:07","date_gmt":"2018-05-19T01:08:07","guid":{"rendered":"http:\/\/rowingarroyoseco.com.ar\/asrc\/?page_id=51"},"modified":"2018-07-03T12:47:22","modified_gmt":"2018-07-03T12:47:22","slug":"pelota-a-paleta","status":"publish","type":"page","link":"http:\/\/rowingarroyoseco.com.ar\/asrc\/pelota-a-paleta\/","title":{"rendered":"Pelota Paleta"},"content":{"rendered":"<p>[vc_row full_height=\u00bbyes\u00bb columns_placement=\u00bbtop\u00bb equal_height=\u00bbyes\u00bb content_placement=\u00bbmiddle\u00bb video_bg=\u00bbyes\u00bb video_bg_url=\u00bbhttps:\/\/www.youtube.com\/watch?v=k3iCp5Z-P7M\u00bb video_bg_parallax=\u00bbcontent-moving\u00bb bg_type=\u00bbu_iframe\u00bb u_video_url=\u00bbhttps:\/\/www.youtube.com\/watch?v=k3iCp5Z-P7M\u00bb video_opts=\u00bbloop,muted\u00bb css=\u00bb.vc_custom_1530077357670{border-right-width: 15px !important;}\u00bb][vc_column parallax=\u00bbcontent-moving\u00bb width=\u00bb1\/2&#8243;]<div class=\"dt-fancy-separator h3-size\" style=\"width: 100%;\"><div class=\"dt-fancy-title\"><span class=\"separator-holder separator-left\"><\/span>Ven\u00ed a practicarlo!<span class=\"separator-holder separator-right\"><\/span><\/div><\/div>[vc_column_text css=\u00bb.vc_custom_1529945120224{padding-top: 10px !important;padding-right: 10px !important;padding-bottom: 10px !important;padding-left: 10px !important;background-color: rgba(129,215,66,0.3) !important;*background-color: rgb(129,215,66) !important;}\u00bb]La practica del deporte de pelota paleta conjuga la mayor\u00eda de los beneficios que necesita el hombre y la mujer de la sociedad de hoy d\u00eda: el gasto de calor\u00edas, es anti-stress y al ser un juego social genera v\u00ednculos de amistad y sana competencia entre personas de distintos status y distintas clases sociales.<\/p>\n<p>Muchos otros deportistas lo practican para complementar sus movimientos con la velocidad visual, coordinaci\u00f3n y c\u00e1lculo, y equilibrio corporal.<\/p>\n<p>La mayor\u00eda de los cultores manejan ambas manos, ya sean zurdos o diestros, es sumamente imprescindible el cambio de manos para economizar movimientos de traslado.[\/vc_column_text][\/vc_column][vc_column width=\u00bb1\/2&#8243;][vc_column_text][\/vc_column_text][\/vc_column][vc_column][\/vc_column][\/vc_row][vc_row][vc_column width=\u00bb1\/2&#8243; css=\u00bb.vc_custom_1530583263031{background-color: rgba(129,215,66,0.45) !important;*background-color: rgb(129,215,66) !important;}\u00bb]<div class=\"dt-fancy-separator h4-size\" style=\"width: 100%;\"><div class=\"dt-fancy-title\"><span class=\"separator-holder separator-left\"><\/span>Pelota Paleta en el Rowing, pelotaris, torneos, exhibiciones..<span class=\"separator-holder separator-right\"><\/span><\/div><\/div>[vc_video link=\u00bbhttps:\/\/www.youtube.com\/watch?v=3IlLPs50s_g\u00bb][vc_separator][vc_video link=\u00bbhttps:\/\/www.youtube.com\/watch?v=TLiQ2S2DLMo\u00bb][vc_separator][vc_masonry_media_grid grid_id=\u00bbvc_gid:1530583189316-005472fa-dc66-10&#8243; include=\u00bb324,323,307&#8243;][\/vc_column][vc_column width=\u00bb1\/2&#8243; css=\u00bb.vc_custom_1530583246023{background-color: rgba(129,215,66,0.49) !important;*background-color: rgb(129,215,66) !important;}\u00bb][vc_column_text]<strong><u>La competencia<\/u><\/strong><\/p>\n<p>El deporte de pelota se divide en dos, el amateur y el profesional. En Argentina es s\u00f3lo amateur, pero existe un pseudo-profesionalismo de jugadores que viven de las exhibiciones y los desaf\u00edos, los cuales son los que logran el m\u00e1ximo nivel de perfeccionamiento.<\/p>\n<p>Existen torneos Internacionales fiscalizados por la\u00a0<a href=\"http:\/\/www.fipv.net\/\">FIPV<\/a>\u00a0(Federaci\u00f3n Int. de Pelota Vasca), torneos Argentinos fiscalizados por la\u00a0<a href=\"http:\/\/www.capelota.com.ar\/\">CAP<\/a>\u00a0(Confederaci\u00f3n Argentina de Pelota), torneos federativos fiscalizados y organizados por las federaciones locales y torneos de Clubes.<\/p>\n<p><strong><u>La esencia del juego<\/u><\/strong><\/p>\n<p>El deporte de la pelota paleta se basa en tratar de que el oponente no pueda agarrar la pelota que vuelve desde el front\u00f3n, tratando que picando dentro de los l\u00edmites del piso de la cancha, la pelota\/proyectil pique dos veces o pique y se vaya afuera.<\/p>\n<p>Hay muchas variantes para conseguir el punto, y para ello se producen distintas estrategias y observaci\u00f3n de las variables del momento, herramientas, oponente y escenario a jugar, lo cual conlleva a una complejidad que lo consolida como uno de los deportes m\u00e1s completos y divertidos del mundo.<\/p>\n<p><strong><u>El Jugador de Pelota<\/u><\/strong><\/p>\n<p>Generalmente los mejores jugadores son los que conjugan o equilibran las virtudes de moral de combate, estado f\u00edsico y t\u00e9cnica de movimientos para pegar. Como es obvio, los jugadores de primera categor\u00eda son los que mejor conjugan estas tres cualidades o se destacan mucho en alguna de ellas.<\/p>\n<p><strong><em>Fuente:<\/em> <\/strong>(d.i. Daniel CORSARO \u2013\u00a0<a title=\"Daniel Corsaro\" href=\"http:\/\/www.pelotargentina.com\/\" target=\"_blank\" rel=\"noopener\">www.pelotargentina.com)<\/a><br \/>\nSan Mart\u00edn, Prov. De Bs. As. \u2013 Argentina<\/p>\n<p><strong><u>\u00a0<\/u><\/strong>[\/vc_column_text][\/vc_column][\/vc_row][vc_row][vc_column width=\u00bb1\/2&#8243;][\/vc_column][vc_column width=\u00bb1\/2&#8243;][\/vc_column][\/vc_row][vc_row][vc_column][\/vc_column][\/vc_row]<\/p>\n","protected":false},"excerpt":{"rendered":"<p>[vc_row full_height=\u00bbyes\u00bb columns_placement=\u00bbtop\u00bb equal_height=\u00bbyes\u00bb content_placement=\u00bbmiddle\u00bb video_bg=\u00bbyes\u00bb video_bg_url=\u00bbhttps:\/\/www.youtube.com\/watch?v=k3iCp5Z-P7M\u00bb video_bg_parallax=\u00bbcontent-moving\u00bb bg_type=\u00bbu_iframe\u00bb u_video_url=\u00bbhttps:\/\/www.youtube.com\/watch?v=k3iCp5Z-P7M\u00bb video_opts=\u00bbloop,muted\u00bb css=\u00bb.vc_custom_1530077357670{border-right-width: 15px !important;}\u00bb][vc_column parallax=\u00bbcontent-moving\u00bb width=\u00bb1\/2&#8243;][vc_column_text css=\u00bb.vc_custom_1529945120224{padding-top: 10px !important;padding-right: 10px !important;padding-bottom: 10px !important;padding-left: 10px !important;background-color: rgba(129,215,66,0.3) !important;*background-color: rgb(129,215,66) !important;}\u00bb]La practica del deporte de pelota paleta conjuga la mayor\u00eda de los beneficios que necesita el hombre y la mujer de la sociedad de hoy d\u00eda: el&hellip;<\/p>\n","protected":false},"author":3,"featured_media":0,"parent":0,"menu_order":0,"comment_status":"closed","ping_status":"closed","template":"","meta":[],"class_list":["post-51","page","type-page","status-publish","hentry","description-off"],"_links":{"self":[{"href":"http:\/\/rowingarroyoseco.com.ar\/asrc\/wp-json\/wp\/v2\/pages\/51","targetHints":{"allow":["GET"]}}],"collection":[{"href":"http:\/\/rowingarroyoseco.com.ar\/asrc\/wp-json\/wp\/v2\/pages"}],"about":[{"href":"http:\/\/rowingarroyoseco.com.ar\/asrc\/wp-json\/wp\/v2\/types\/page"}],"author":[{"embeddable":true,"href":"http:\/\/rowingarroyoseco.com.ar\/asrc\/wp-json\/wp\/v2\/users\/3"}],"replies":[{"embeddable":true,"href":"http:\/\/rowingarroyoseco.com.ar\/asrc\/wp-json\/wp\/v2\/comments?post=51"}],"version-history":[{"count":15,"href":"http:\/\/rowingarroyoseco.com.ar\/asrc\/wp-json\/wp\/v2\/pages\/51\/revisions"}],"predecessor-version":[{"id":469,"href":"http:\/\/rowingarroyoseco.com.ar\/asrc\/wp-json\/wp\/v2\/pages\/51\/revisions\/469"}],"wp:attachment":[{"href":"http:\/\/rowingarroyoseco.com.ar\/asrc\/wp-json\/wp\/v2\/media?parent=51"}],"curies":[{"name":"wp","href":"https:\/\/api.w.org\/{rel}","templated":true}]}}